{"id":120,"date":"2014-09-06T15:40:03","date_gmt":"2014-09-06T13:40:03","guid":{"rendered":"http:\/\/www.anhaenger-lueneburg.de\/?page_id=120"},"modified":"2018-02-03T14:41:20","modified_gmt":"2018-02-03T13:41:20","slug":"willkommen","status":"publish","type":"page","link":"https:\/\/www.anhaenger-lueneburg.de\/?page_id=120","title":{"rendered":"Willkommen"},"content":{"rendered":"<h1 style=\"text-align: center;\"><a href=\"https:\/\/www.anhaenger-lueneburg.de\/wp-content\/uploads\/2014\/06\/bruenninski_t.jpg\"><img loading=\"lazy\" decoding=\"async\" class=\" wp-image-37 alignleft\" src=\"https:\/\/www.anhaenger-lueneburg.de\/wp-content\/uploads\/2014\/06\/bruenninski_t.jpg\" alt=\"bruenninski_t\" width=\"213\" height=\"213\" srcset=\"https:\/\/www.anhaenger-lueneburg.de\/wp-content\/uploads\/2014\/06\/bruenninski_t.jpg 200w, https:\/\/www.anhaenger-lueneburg.de\/wp-content\/uploads\/2014\/06\/bruenninski_t-150x150.jpg 150w\" sizes=\"auto, (max-width: 213px) 100vw, 213px\" \/><\/a>Herzlich willkommen auf der Seite &#8222;Anh\u00e4nger-L\u00fcneburg.de&#8220;<\/h1>\n<p>Auf der Seite Anh\u00e4nger-L\u00fcneburg.de bieten wir Ihnen<\/p>\n<ul>\n<li>einen Motorrad-Anh\u00e4nger mit 100 km\/ Zulassung zum Transport Ihres Motorrades \/ Ihrer Motorr\u00e4der zu mieten (vermieten, leihen, bzw. verleihen ) an.<\/li>\n<li>einen ungebremster Anh\u00e4nger mit 750 kg zul. Gesamtgewicht, der von nahezu jedem Fahrzeug gezogen werden darf.<\/li>\n<li>einen kleinen Wohnwagen, der auch von &#8222;kleinen&#8220; Fahrzeug gezogen werden darf.<\/li>\n<li>einen Anh\u00e4nger mit Hochplane, mit dem\u00a0kleine Umz\u00fcge oder \u00e4hnliches\u00a0get\u00e4tigt werden k\u00f6nnen.<\/li>\n<\/ul>\n<p>&nbsp;<\/p>\n<p>Der Unternehmensstandort ist Bleckede.<\/p>\n<p>Sehen Sie sich die Informationen auf den Seiten &#8222;Anh\u00e4nger-L\u00fcneburg. de&#8220; an. F\u00fcr weitere Info oder Buchung rufen Sie uns an, oder schreiben eine Nachricht \u00fcber das Kontaktformular, oder per SMS. Auch \u00fcber Fb sind wir unter &#8222;Anh\u00e4nger-L\u00fcneburg.de&#8220;\u00a0zu erreichen.<\/p>\n<p>Es gr\u00fc\u00dft<\/p>\n<p>R. Bruenninski<\/p>\n<p>(Anh\u00e4nger-L\u00fcneburg.de)<br \/>\n<a href=\"https:\/\/www.google.de\/maps\/place\/Anh%C3%A4ngerverleih+L%C3%BCneburg\/@53.316071,10.662773,18z\/data=!3m1!4b1!4m2!3m1!1s0x47ae1ee85914355b:0xfeef8d29c67dc651\">Link zum Anh\u00e4ngerverleih L\u00fcneburg auf Google Maps<\/a><\/p>\n","protected":false},"excerpt":{"rendered":"<p>Herzlich willkommen auf der Seite &#8222;Anh\u00e4nger-L\u00fcneburg.de&#8220; Auf der Seite Anh\u00e4nger-L\u00fcneburg.de bieten wir Ihnen einen Motorrad-Anh\u00e4nger mit 100 km\/ Zulassung zum Transport Ihres Motorrades \/ Ihrer Motorr\u00e4der zu mieten (vermieten, leihen, bzw. verleihen ) an. einen ungebremster Anh\u00e4nger mit 750 kg zul. Gesamtgewicht, der von nahezu jedem Fahrzeug gezogen werden darf. einen kleinen Wohnwagen, der auch [&hellip;]<\/p>\n","protected":false},"author":1,"featured_media":0,"parent":0,"menu_order":0,"comment_status":"closed","ping_status":"open","template":"templates\/template-full-notitle.php","meta":{"footnotes":""},"class_list":["post-120","page","type-page","status-publish","hentry","post"],"jetpack_sharing_enabled":true,"_links":{"self":[{"href":"https:\/\/www.anhaenger-lueneburg.de\/index.php?rest_route=\/wp\/v2\/pages\/120","targetHints":{"allow":["GET"]}}],"collection":[{"href":"https:\/\/www.anhaenger-lueneburg.de\/index.php?rest_route=\/wp\/v2\/pages"}],"about":[{"href":"https:\/\/www.anhaenger-lueneburg.de\/index.php?rest_route=\/wp\/v2\/types\/page"}],"author":[{"embeddable":true,"href":"https:\/\/www.anhaenger-lueneburg.de\/index.php?rest_route=\/wp\/v2\/users\/1"}],"replies":[{"embeddable":true,"href":"https:\/\/www.anhaenger-lueneburg.de\/index.php?rest_route=%2Fwp%2Fv2%2Fcomments&post=120"}],"version-history":[{"count":26,"href":"https:\/\/www.anhaenger-lueneburg.de\/index.php?rest_route=\/wp\/v2\/pages\/120\/revisions"}],"predecessor-version":[{"id":911,"href":"https:\/\/www.anhaenger-lueneburg.de\/index.php?rest_route=\/wp\/v2\/pages\/120\/revisions\/911"}],"wp:attachment":[{"href":"https:\/\/www.anhaenger-lueneburg.de\/index.php?rest_route=%2Fwp%2Fv2%2Fmedia&parent=120"}],"curies":[{"name":"wp","href":"https:\/\/api.w.org\/{rel}","templated":true}]}}