{"id":197,"date":"2014-09-29T21:14:35","date_gmt":"2014-09-29T19:14:35","guid":{"rendered":"http:\/\/www.anhaenger-lueneburg.de\/?page_id=197"},"modified":"2022-10-25T09:24:52","modified_gmt":"2022-10-25T08:24:52","slug":"route-maps","status":"publish","type":"page","link":"https:\/\/www.anhaenger-lueneburg.de\/?page_id=197","title":{"rendered":"Route &#8211; Maps"},"content":{"rendered":"<p>Der Heimatstandort des Anh\u00e4ngerverleih L\u00fcneburg (Anh\u00e4nger-L\u00fcneburg.de) ist in 21354 Karze, Im Garten 23.<br \/>\nHier k\u00f6nnen Sie Ihren Motorradanh\u00e4nger abholen.<\/p>\n<p>Erl\u00e4uterung zur nachfolgenden Karte:<br \/>\n<em>Die rote Markierung zeigt den Standort vom L\u00fcneburger Anh\u00e4ngerverleih. Klicken sie auf die Markierung, dann k\u00f6nnen sie sich die Fahrroute von Ihnen bis zum Standort anzeigen und berechnen lassen, oder aber auch in die Detailansicht des Standortes zoomen. (Viel Spa\u00df beim ausprobieren)<\/em><br \/>\n<br \/>\nEs gr\u00fc\u00dft<br \/>\nR\u00fcdiger Bruenninski<\/p>\n","protected":false},"excerpt":{"rendered":"<p>Der Heimatstandort des Anh\u00e4ngerverleih L\u00fcneburg (Anh\u00e4nger-L\u00fcneburg.de) ist in 21354 Karze, Im Garten 23. Hier k\u00f6nnen Sie Ihren Motorradanh\u00e4nger abholen. Erl\u00e4uterung zur nachfolgenden Karte: Die rote Markierung zeigt den Standort vom L\u00fcneburger Anh\u00e4ngerverleih. Klicken sie auf die Markierung, dann k\u00f6nnen sie sich die Fahrroute von Ihnen bis zum Standort anzeigen und berechnen lassen, oder aber auch [&hellip;]<\/p>\n","protected":false},"author":1,"featured_media":0,"parent":0,"menu_order":0,"comment_status":"closed","ping_status":"open","template":"templates\/template-full-notitle.php","meta":{"footnotes":""},"class_list":["post-197","page","type-page","status-publish","hentry","post"],"jetpack_sharing_enabled":true,"_links":{"self":[{"href":"https:\/\/www.anhaenger-lueneburg.de\/index.php?rest_route=\/wp\/v2\/pages\/197","targetHints":{"allow":["GET"]}}],"collection":[{"href":"https:\/\/www.anhaenger-lueneburg.de\/index.php?rest_route=\/wp\/v2\/pages"}],"about":[{"href":"https:\/\/www.anhaenger-lueneburg.de\/index.php?rest_route=\/wp\/v2\/types\/page"}],"author":[{"embeddable":true,"href":"https:\/\/www.anhaenger-lueneburg.de\/index.php?rest_route=\/wp\/v2\/users\/1"}],"replies":[{"embeddable":true,"href":"https:\/\/www.anhaenger-lueneburg.de\/index.php?rest_route=%2Fwp%2Fv2%2Fcomments&post=197"}],"version-history":[{"count":21,"href":"https:\/\/www.anhaenger-lueneburg.de\/index.php?rest_route=\/wp\/v2\/pages\/197\/revisions"}],"predecessor-version":[{"id":1039,"href":"https:\/\/www.anhaenger-lueneburg.de\/index.php?rest_route=\/wp\/v2\/pages\/197\/revisions\/1039"}],"wp:attachment":[{"href":"https:\/\/www.anhaenger-lueneburg.de\/index.php?rest_route=%2Fwp%2Fv2%2Fmedia&parent=197"}],"curies":[{"name":"wp","href":"https:\/\/api.w.org\/{rel}","templated":true}]}}