{"id":2,"date":"2014-02-21T12:55:45","date_gmt":"2014-02-21T10:55:45","guid":{"rendered":"http:\/\/anhaenger-lueneburg.de\/?page_id=2"},"modified":"2026-04-24T15:07:29","modified_gmt":"2026-04-24T14:07:29","slug":"preise","status":"publish","type":"page","link":"https:\/\/www.anhaenger-lueneburg.de\/?page_id=2","title":{"rendered":"Preise: absenkbarer Anh\u00e4nger"},"content":{"rendered":"<style> \/* simple flat #19 *\/#ptp-19{border-color:#ddd;padding:0;margin-left:0;margin-right:0}#ptp-19 div.ptp-item-container{border-radius:3px}#ptp-19 div.ptp-item-container div{margin:0}#ptp-19 .ptp-highlight div.ptp-item-container{border-color:#ddd}#ptp-19 div.ptp-plan{border-top-right-radius:3px;border-top-left-radius:3px;font-size:1em;border-color:#ddd;background-color:#ddd;color:#333;padding:.9375em 1.25em}#ptp-19 div.ptp-plan .has-tip{border-bottom:dotted 1px #333;color:#333}#ptp-19 .ptp-highlight div.ptp-plan{border-color:#ddd;background-color:#ddd;color:#333}#ptp-19 .ptp-highlight div.ptp-plan .has-tip{border-bottom:dotted 1px #333;color:#333}#ptp-19 div.ptp-price{font-size:1.25em;background-color:#eee;color:#333;padding:.9375em 1.25em}#ptp-19 div.ptp-price .has-tip{border-bottom:dotted 1px #333;color:#333}#ptp-19 .ptp-highlight div.ptp-price{background-color:#eee;color:#333}#ptp-19 .ptp-highlight div.ptp-price .has-tip{border-bottom:dotted 1px #333;color:#333}#ptp-19 div.ptp-cta{border-bottom-right-radius:3px;border-bottom-left-radius:3px;background-color:#eee;padding-top:1.25em;padding-bottom:1.25em}#ptp-19 .ptp-highlight div.ptp-cta{background-color:#eee}#ptp-19 a.ptp-button{border-radius:3px;font-size:1em;color:#fff;background-color:#3498db;border-bottom:#2980b9 4px solid;margin:0}#ptp-19 a.ptp-button .has-tip,#ptp-19 a.ptp-button:hover .has-tip{border-bottom:dotted 1px #fff;color:#fff}#ptp-19 a.ptp-button:hover{background-color:#2980b9}#ptp-19 div.ptp-bullet-item{color:#333;background-color:#fff;font-size:.875em;border-color:#ddd;padding:.9375em .5em .9375em .5em}#ptp-19 .ptp-highlight .ptp-bullet-item{color:#333;border-color:#ddd;background-color:#fff}#ptp-19 .ptp-highlight a.ptp-button{color:#fff;background-color:#e74c3c;border-bottom:#c0392b 4px solid}#ptp-19 .ptp-highlight a.ptp-button:hover{background-color:#c0392b}#ptp-19 .ptp-highlight a.ptp-button .has-tip{border-bottom:dotted 1px #fff;color:#fff}#ptp-19 div.ptp-most-popular{border-radius:3px;font-size:.9em;background-color:#7f8c8d;color:#fff;border:1px solid #7f8c8d}\/* end of simple flat #19 *\/<\/style><div id=\"ptp-19\" class=\"ptp-pricing-table\" ><div class=\"ptp-col ptp-four-col  ptp-col-id-0 dh-ptp-col-id-0\"><div class=\"ptp-not-most-popular\">&nbsp;<\/div><div class=\"ptp-item-container\"><div class=\"ptp-plan\">Tag<\/div><div class=\"ptp-price\">\u20ac\u00a035,00<\/div><div class=\"ptp-bullet-item ptp-row-id-0\">Mietpreis f\u00fcr einen Tag \r<\/div><div class=\"ptp-bullet-item ptp-row-id-1\">von 07:00 Uhr bis 19:00 Uhr<\/div><div class=\"ptp-cta\"><a class=\"ptp-button ptp-checkout-button\" id=\"ptp-19-cta-0\"  href=\"?page_id=100\" >Buchen<\/a><\/div><\/div><\/div><div class=\"ptp-col ptp-four-col  ptp-col-id-1 dh-ptp-col-id-1\"><div class=\"ptp-not-most-popular\">&nbsp;<\/div><div class=\"ptp-item-container\"><div class=\"ptp-plan\">Arbeitswoche<\/div><div class=\"ptp-price\">\u20ac 110,00<\/div><div class=\"ptp-bullet-item ptp-row-id-0\">Mietpreis f\u00fcr Montag bis Donnerstag\r<\/div><div class=\"ptp-bullet-item ptp-row-id-1\">Mo. 07:00 Uhr - Do. 19:00 Uhr<\/div><div class=\"ptp-cta\"><a class=\"ptp-button ptp-checkout-button\" id=\"ptp-19-cta-1\"  href=\"?page_id=100\" >Buchen<\/a><\/div><\/div><\/div><div class=\"ptp-col ptp-four-col ptp-highlight ptp-col-id-2 dh-ptp-col-id-2\"><div class=\"ptp-most-popular\">Rechtzeitig Buchen<\/div><div class=\"ptp-item-container\"><div class=\"ptp-plan\">Wochenende<\/div><div class=\"ptp-price\">\u20ac 90,00<\/div><div class=\"ptp-bullet-item ptp-row-id-0\">Mietpreis f\u00fcr ein Wochenende\r<\/div><div class=\"ptp-bullet-item ptp-row-id-1\">Fr.14:00 Uhr - So. 19:00 Uhr<\/div><div class=\"ptp-cta\"><a class=\"ptp-button ptp-checkout-button\" id=\"ptp-19-cta-2\"  href=\"?page_id=100\" >Buchen<\/a><\/div><\/div><\/div><div class=\"ptp-col ptp-four-col  ptp-col-id-3 dh-ptp-col-id-3\"><div class=\"ptp-not-most-popular\">&nbsp;<\/div><div class=\"ptp-item-container\"><div class=\"ptp-plan\">Woche<\/div><div class=\"ptp-price\">\u20ac 150,00<\/div><div class=\"ptp-bullet-item ptp-row-id-0\">Mietpreis f\u00fcr eine Woche\r<\/div><div class=\"ptp-bullet-item ptp-row-id-1\">Mo. 07:00 Uhr bis So. 19:00 Uhr<\/div><div class=\"ptp-cta\"><a class=\"ptp-button ptp-checkout-button\" id=\"ptp-19-cta-3\"  href=\"?page_id=100\" >Buchen<\/a><\/div><\/div><\/div><\/div>\n<p>\u00a0<\/p>\n\n\n<p><\/p>\n\n\n\n<p><\/p>\n\n\n\n<p>Jeder weitere Tag, der \u00fcber 1 Woche (7 Tage) hinaus geht, wird mit 20,00 \u20ac berechnet.<\/p>\n\n\n\n<p>So berechne ich z. B. auch<br>(f\u00fcr 7 Tage) von Mittwoch, den 1.x. &#8211; Dienstag, den 7.x. =&nbsp;150,00 \u20ac.<br>(f\u00fcr 8 Tage) von Mittwoch, den 1.x. &#8211; Mittwoch den 8.x. = 170,00 \u20ac<br>(f\u00fcr 11 Tage) von Mittwoch, den 1.x. &#8211; Samstag den 11.x. = 230,00 \u20ac<\/p>\n\n\n\n<p><em><strong>Hinweis:<\/strong><br>Der Mietpreis f\u00fcr den Motorradanh\u00e4nger ist im Voraus bei der \u00dcbergabe zu zahlen. Des weiteren ist eine Kaution in H\u00f6he von 150,&#8211; \u20ac zu entrichten.]<br>Bei der Anh\u00e4ngermiete sind Radwippen in erforderlicher Anzahl kostenfrei mit enthalten.<br>Pro Satz Zurrgurte, bestehend aus mindestens 4 Gurten und Zurrschlaufen, wird eine Leihgeb\u00fchr von 10,00 \u20ac berechnet.<\/em><\/p>\n","protected":false},"excerpt":{"rendered":"<p>\u00a0 Jeder weitere Tag, der \u00fcber 1 Woche (7 Tage) hinaus geht, wird mit 20,00 \u20ac berechnet. So berechne ich z. B. auch(f\u00fcr 7 Tage) von Mittwoch, den 1.x. &#8211; Dienstag, den 7.x. =&nbsp;150,00 \u20ac.(f\u00fcr 8 Tage) von Mittwoch, den 1.x. &#8211; Mittwoch den 8.x. = 170,00 \u20ac(f\u00fcr 11 Tage) von Mittwoch, den 1.x. &#8211; [&hellip;]<\/p>\n","protected":false},"author":1,"featured_media":0,"parent":0,"menu_order":0,"comment_status":"closed","ping_status":"closed","template":"templates\/template-full.php","meta":{"footnotes":""},"class_list":["post-2","page","type-page","status-publish","hentry","post"],"jetpack_sharing_enabled":true,"_links":{"self":[{"href":"https:\/\/www.anhaenger-lueneburg.de\/index.php?rest_route=\/wp\/v2\/pages\/2","targetHints":{"allow":["GET"]}}],"collection":[{"href":"https:\/\/www.anhaenger-lueneburg.de\/index.php?rest_route=\/wp\/v2\/pages"}],"about":[{"href":"https:\/\/www.anhaenger-lueneburg.de\/index.php?rest_route=\/wp\/v2\/types\/page"}],"author":[{"embeddable":true,"href":"https:\/\/www.anhaenger-lueneburg.de\/index.php?rest_route=\/wp\/v2\/users\/1"}],"replies":[{"embeddable":true,"href":"https:\/\/www.anhaenger-lueneburg.de\/index.php?rest_route=%2Fwp%2Fv2%2Fcomments&post=2"}],"version-history":[{"count":21,"href":"https:\/\/www.anhaenger-lueneburg.de\/index.php?rest_route=\/wp\/v2\/pages\/2\/revisions"}],"predecessor-version":[{"id":1058,"href":"https:\/\/www.anhaenger-lueneburg.de\/index.php?rest_route=\/wp\/v2\/pages\/2\/revisions\/1058"}],"wp:attachment":[{"href":"https:\/\/www.anhaenger-lueneburg.de\/index.php?rest_route=%2Fwp%2Fv2%2Fmedia&parent=2"}],"curies":[{"name":"wp","href":"https:\/\/api.w.org\/{rel}","templated":true}]}}