{"id":228,"date":"2014-10-14T22:04:44","date_gmt":"2014-10-14T20:04:44","guid":{"rendered":"http:\/\/www.anhaenger-lueneburg.de\/?page_id=228"},"modified":"2015-12-15T10:51:25","modified_gmt":"2015-12-15T09:51:25","slug":"impressum","status":"publish","type":"page","link":"https:\/\/www.anhaenger-lueneburg.de\/?page_id=228","title":{"rendered":"Impressum"},"content":{"rendered":"<h1 style=\"text-align: center;\"><span style=\"color: #000000;\"><strong>Design &amp; Konzept<\/strong><\/span><\/h1>\n<h2 style=\"text-align: center;\"><strong><span style=\"color: #000000;\">Fabian Kaiser<\/span><\/strong><br \/>\n<strong><span style=\"color: #000000;\"> &amp;<\/span><\/strong><br \/>\n<strong><span style=\"color: #000000;\"> R\u00fcdiger Bruenninski<\/span><\/strong><\/h2>\n<p style=\"text-align: left;\">R.\u00a0Bruenninski<br \/>\nIm Garten 23<br \/>\n21354 Bleckede<br \/>\nTel.: 01792265574<\/p>\n<p style=\"text-align: left;\">Keine Umsatzsteuerausweisung, da Kleinunternehmer<\/p>\n<hr size=\"3&quot;\" \/>\n<p>Haftungsausschluss<\/p>\n<p>Mit Urteil vom 12. Mai 1998 hat das Landgericht Hamburg entschieden, dass durch die Setzung eines Links die Inhalte der gelinkten Seite ggf. mit zu verantworten sind. Dies kann, so das Landgericht, nur dadurch verhindert werden, dass man sich ausdr\u00fccklich von diesen Inhalten distanziert. Vorsorglich weise ich deshalb daraufhin, dass ich keinen Einfluss auf Gestaltung und Text der gelinkten Seiten habe. Aus rechtlichen Gr\u00fcnden distanziere ich mich hiermit ausdr\u00fccklich von allen Inhalten der gelinkten Seiten auf dieser Homepage.<\/p>\n<p>Rechtswirksamkeit:<\/p>\n<p>Dieser Haftungsausschluss ist als Teil des Internetangebotes zu betrachten, von dem aus auf diese Seite verwiesen wurde. Sofern Teile oder einzelne Formulierungen dieses Textes der geltenden Rechtslage nicht, nicht mehr oder nicht vollst\u00e4ndig entsprechen sollten, bleiben die \u00fcbrigen Teile des Dokumentes in ihrem Inhalt und ihrer G\u00fcltigkeit davon unber\u00fchrt.<\/p>\n","protected":false},"excerpt":{"rendered":"<p>Design &amp; Konzept Fabian Kaiser &amp; R\u00fcdiger Bruenninski R.\u00a0Bruenninski Im Garten 23 21354 Bleckede Tel.: 01792265574 Keine Umsatzsteuerausweisung, da Kleinunternehmer Haftungsausschluss Mit Urteil vom 12. Mai 1998 hat das Landgericht Hamburg entschieden, dass durch die Setzung eines Links die Inhalte der gelinkten Seite ggf. mit zu verantworten sind. Dies kann, so das Landgericht, nur dadurch [&hellip;]<\/p>\n","protected":false},"author":1,"featured_media":0,"parent":0,"menu_order":0,"comment_status":"closed","ping_status":"open","template":"templates\/template-full-notitle.php","meta":{"footnotes":""},"class_list":["post-228","page","type-page","status-publish","hentry","post"],"jetpack_sharing_enabled":true,"_links":{"self":[{"href":"https:\/\/www.anhaenger-lueneburg.de\/index.php?rest_route=\/wp\/v2\/pages\/228","targetHints":{"allow":["GET"]}}],"collection":[{"href":"https:\/\/www.anhaenger-lueneburg.de\/index.php?rest_route=\/wp\/v2\/pages"}],"about":[{"href":"https:\/\/www.anhaenger-lueneburg.de\/index.php?rest_route=\/wp\/v2\/types\/page"}],"author":[{"embeddable":true,"href":"https:\/\/www.anhaenger-lueneburg.de\/index.php?rest_route=\/wp\/v2\/users\/1"}],"replies":[{"embeddable":true,"href":"https:\/\/www.anhaenger-lueneburg.de\/index.php?rest_route=%2Fwp%2Fv2%2Fcomments&post=228"}],"version-history":[{"count":10,"href":"https:\/\/www.anhaenger-lueneburg.de\/index.php?rest_route=\/wp\/v2\/pages\/228\/revisions"}],"predecessor-version":[{"id":595,"href":"https:\/\/www.anhaenger-lueneburg.de\/index.php?rest_route=\/wp\/v2\/pages\/228\/revisions\/595"}],"wp:attachment":[{"href":"https:\/\/www.anhaenger-lueneburg.de\/index.php?rest_route=%2Fwp%2Fv2%2Fmedia&parent=228"}],"curies":[{"name":"wp","href":"https:\/\/api.w.org\/{rel}","templated":true}]}}