{"id":324,"date":"2014-11-27T18:59:22","date_gmt":"2014-11-27T17:59:22","guid":{"rendered":"http:\/\/www.anhaenger-lueneburg.de\/?page_id=324"},"modified":"2017-03-20T07:49:25","modified_gmt":"2017-03-20T06:49:25","slug":"beschreibung-anhaenger-ungebremst-750-kg","status":"publish","type":"page","link":"https:\/\/www.anhaenger-lueneburg.de\/?page_id=324","title":{"rendered":"Beschreibung Anh\u00e4nger ungebremst 750 kg"},"content":{"rendered":"<p><span style=\"color: #000000;\"><em>Sie suchen einen Anh\u00e4nger mit einem zul\u00e4ssigen Gesamtgewicht von 750 kg\u00a0in Bleckede, L\u00fcneburg und Umgebung zu mieten, bzw. zu\u00a0leihen?<\/em><\/span><\/p>\n<p><span style=\"color: #000000;\"><strong>Wir haben einen Anh\u00e4nger mit zul\u00e4ssigem Gesamtgewicht von 750 kg zu vermieten.<\/strong><\/span><\/p>\n<p><span style=\"color: #000000;\">Dieser Anh\u00e4nger ist ein echter Allrounder in Bezug auf Gr\u00f6\u00dfe und\u00a0Einsatzbereich. Durch sein geringes zul\u00e4ssige Gesamtgewicht kann er von nahezu jedem Kraftfahrzeug, das eine Anh\u00e4ngerkupplung hat,\u00a0gezogen werden. Ob Brennholz,\u00a0Sand oder Gartenabf\u00e4lle\u00a0,\u00a0der kleine Umzug, Baumaterialien-\u00a0oder Maschinentransport, dem Einsatz sind kaum Grenzen gesetzt. Der Transport von \u00f6lhaltigen und scharfkantigen Stoffen sollten jedoch\u00a0vermieden werden.<\/span><\/p>\n<p><span style=\"color: #000000;\">Durch die Heckst\u00fctzen k\u00f6nnen Sie den Anh\u00e4nger auch ohne angekuppeltem Zugfahrzeug Be- und Entladen.<\/span><\/p>\n<p><span style=\"color: #000000;\">Zwei leichte Alurampen (Nennbelastbarkeit je Rampe 200 kg) k\u00f6nnen auf Wunsch auch bereit gestellt werden.<\/span><\/p>\n<hr \/>\n<p><span style=\"color: #000000;\">(Der \u00dcbergabeort ist am Anh\u00e4ngerstandort\u00a0in\u00a0\u00a0<strong>21354 Karze<\/strong>, soweit nichts anderes vereinbart wurde)<\/span><\/p>\n","protected":false},"excerpt":{"rendered":"<p>Sie suchen einen Anh\u00e4nger mit einem zul\u00e4ssigen Gesamtgewicht von 750 kg\u00a0in Bleckede, L\u00fcneburg und Umgebung zu mieten, bzw. zu\u00a0leihen? Wir haben einen Anh\u00e4nger mit zul\u00e4ssigem Gesamtgewicht von 750 kg zu vermieten. Dieser Anh\u00e4nger ist ein echter Allrounder in Bezug auf Gr\u00f6\u00dfe und\u00a0Einsatzbereich. Durch sein geringes zul\u00e4ssige Gesamtgewicht kann er von nahezu jedem Kraftfahrzeug, das eine [&hellip;]<\/p>\n","protected":false},"author":1,"featured_media":0,"parent":0,"menu_order":0,"comment_status":"closed","ping_status":"open","template":"templates\/template-full-notitle.php","meta":{"footnotes":""},"class_list":["post-324","page","type-page","status-publish","hentry","post"],"jetpack_sharing_enabled":true,"_links":{"self":[{"href":"https:\/\/www.anhaenger-lueneburg.de\/index.php?rest_route=\/wp\/v2\/pages\/324","targetHints":{"allow":["GET"]}}],"collection":[{"href":"https:\/\/www.anhaenger-lueneburg.de\/index.php?rest_route=\/wp\/v2\/pages"}],"about":[{"href":"https:\/\/www.anhaenger-lueneburg.de\/index.php?rest_route=\/wp\/v2\/types\/page"}],"author":[{"embeddable":true,"href":"https:\/\/www.anhaenger-lueneburg.de\/index.php?rest_route=\/wp\/v2\/users\/1"}],"replies":[{"embeddable":true,"href":"https:\/\/www.anhaenger-lueneburg.de\/index.php?rest_route=%2Fwp%2Fv2%2Fcomments&post=324"}],"version-history":[{"count":11,"href":"https:\/\/www.anhaenger-lueneburg.de\/index.php?rest_route=\/wp\/v2\/pages\/324\/revisions"}],"predecessor-version":[{"id":778,"href":"https:\/\/www.anhaenger-lueneburg.de\/index.php?rest_route=\/wp\/v2\/pages\/324\/revisions\/778"}],"wp:attachment":[{"href":"https:\/\/www.anhaenger-lueneburg.de\/index.php?rest_route=%2Fwp%2Fv2%2Fmedia&parent=324"}],"curies":[{"name":"wp","href":"https:\/\/api.w.org\/{rel}","templated":true}]}}