{"id":528,"date":"2015-09-18T21:38:34","date_gmt":"2015-09-18T20:38:34","guid":{"rendered":"http:\/\/www.anhaenger-lueneburg.de\/?page_id=528"},"modified":"2015-11-18T14:11:13","modified_gmt":"2015-11-18T13:11:13","slug":"vignette-fuer-die-schweiz-2015","status":"publish","type":"page","link":"https:\/\/www.anhaenger-lueneburg.de\/?page_id=528","title":{"rendered":"Vignette f\u00fcr die Schweiz 2015"},"content":{"rendered":"<h1>Der Motorradanh\u00e4nger hat eine Vignette 2015 f\u00fcr die Schweiz<\/h1>\n<p>Eine noch bis zum 31. Januar 2016 g\u00fcltige Maut Vignette 2015 f\u00fcr die Schweiz klebt am Anh\u00e4nger.<\/p>\n<p><a href=\"https:\/\/www.anhaenger-lueneburg.de\/wp-content\/uploads\/2015\/09\/20150917_175954.jpg\"><img loading=\"lazy\" decoding=\"async\" class=\"alignnone size-medium wp-image-537\" src=\"https:\/\/www.anhaenger-lueneburg.de\/wp-content\/uploads\/2015\/09\/20150917_175954-300x225.jpg\" alt=\"20150917_175954\" width=\"300\" height=\"225\" srcset=\"https:\/\/www.anhaenger-lueneburg.de\/wp-content\/uploads\/2015\/09\/20150917_175954-300x225.jpg 300w, https:\/\/www.anhaenger-lueneburg.de\/wp-content\/uploads\/2015\/09\/20150917_175954-1024x768.jpg 1024w\" sizes=\"auto, (max-width: 300px) 100vw, 300px\" \/><\/a><br \/>\nWer dieses Jahr noch mit dem Anh\u00e4nger in die Schweiz zum Motorradfahren will, kann die\u00a040,00 \u20ac f\u00fcr die Vignette sparen.<\/p>\n","protected":false},"excerpt":{"rendered":"<p>Der Motorradanh\u00e4nger hat eine Vignette 2015 f\u00fcr die Schweiz Eine noch bis zum 31. Januar 2016 g\u00fcltige Maut Vignette 2015 f\u00fcr die Schweiz klebt am Anh\u00e4nger. Wer dieses Jahr noch mit dem Anh\u00e4nger in die Schweiz zum Motorradfahren will, kann die\u00a040,00 \u20ac f\u00fcr die Vignette sparen.<\/p>\n","protected":false},"author":1,"featured_media":0,"parent":0,"menu_order":0,"comment_status":"closed","ping_status":"closed","template":"templates\/template-full-notitle.php","meta":{"footnotes":""},"class_list":["post-528","page","type-page","status-publish","hentry","post"],"jetpack_sharing_enabled":true,"_links":{"self":[{"href":"https:\/\/www.anhaenger-lueneburg.de\/index.php?rest_route=\/wp\/v2\/pages\/528","targetHints":{"allow":["GET"]}}],"collection":[{"href":"https:\/\/www.anhaenger-lueneburg.de\/index.php?rest_route=\/wp\/v2\/pages"}],"about":[{"href":"https:\/\/www.anhaenger-lueneburg.de\/index.php?rest_route=\/wp\/v2\/types\/page"}],"author":[{"embeddable":true,"href":"https:\/\/www.anhaenger-lueneburg.de\/index.php?rest_route=\/wp\/v2\/users\/1"}],"replies":[{"embeddable":true,"href":"https:\/\/www.anhaenger-lueneburg.de\/index.php?rest_route=%2Fwp%2Fv2%2Fcomments&post=528"}],"version-history":[{"count":5,"href":"https:\/\/www.anhaenger-lueneburg.de\/index.php?rest_route=\/wp\/v2\/pages\/528\/revisions"}],"predecessor-version":[{"id":591,"href":"https:\/\/www.anhaenger-lueneburg.de\/index.php?rest_route=\/wp\/v2\/pages\/528\/revisions\/591"}],"wp:attachment":[{"href":"https:\/\/www.anhaenger-lueneburg.de\/index.php?rest_route=%2Fwp%2Fv2%2Fmedia&parent=528"}],"curies":[{"name":"wp","href":"https:\/\/api.w.org\/{rel}","templated":true}]}}