{"id":60,"date":"2014-09-01T23:02:45","date_gmt":"2014-09-01T21:02:45","guid":{"rendered":"http:\/\/www.anhaenger-lueneburg.de\/?page_id=60"},"modified":"2022-10-25T09:18:15","modified_gmt":"2022-10-25T08:18:15","slug":"beschreibung","status":"publish","type":"page","link":"https:\/\/www.anhaenger-lueneburg.de\/?page_id=60","title":{"rendered":"Beschreibung"},"content":{"rendered":"<p><em>Sie suchen einen Motorradanh\u00e4nger mit 100 km\/h &#8211; Zulassung in Bleckede, L\u00fcneburg, Hamburg, Moisburg und Umgebung zu mieten, bzw. zu\u00a0leihen?<\/em><\/p>\n<p><strong>Wir haben einen absenkbarer Motorradanh\u00e4nger der Extraklasse mit 100 km\/h Zulassung und zul\u00e4ssigem Gesamtgewicht von 1500 kg zu vermieten.<\/strong><\/p>\n<p>Er ist durch die Verwendung von Radwippen variabel verwendbar f\u00fcr ein einzelnes Motorrad, zwei,\u00a0\u00a0oder f\u00fcr drei gro\u00dfe Motor\u00e4der. Oder, nicht zuletzt aufgrund der hohen Nutzlast und der niedrigen Bordwandung, dient er auch als \u201eSmartanh\u00e4nger\u201c.<br \/>\nEbenso k\u00f6nnen auch andere Fahrzeuge wie Quad, Motorrad-Gespann oder Rasentraktoren\u00a0bef\u00f6rdert werden.<\/p>\n<p>Bei diesem absenkbaren Anh\u00e4nger ist der Ver- und Entladevorgang (inkl. Verzurren) ohne gr\u00f6\u00dferen Kraftaufwand durch nur eine Person innerhalb weniger Minuten m\u00f6glich. Er wird daher\u00a0auch gerne von Frauen ausgeliehen.<br \/>\nDer Anh\u00e4nger wird mit wenigen Handgriffen auf die Stra\u00dfe abgesenkt und Sie k\u00f6nnen ihr Motorrad einfach herauffahren bzw.\u00a0heraufschieben.\u00a0Ohne den Seiten- oder Hauptst\u00e4nder zu benutzen steht ihr Fahrzeug sicher und fest in der \u201eRadklemme\u201c. Sie brauchen nur noch einen kleinen Sicherungshebel umlegen. Anschlie\u00dfend k\u00f6nnen Sie die Maschine in Ruhe verzurren (z.B. mit den ausleihbaren praktischen Automatikgurten).<br \/>\nNach wenigen Pumpbewegungen an der Hydraulik ist der Anh\u00e4nger angehoben und abfahrbereit.<\/p>\n<p>Herk\u00f6mmliche wie auch Automatikgurte k\u00f6nnen gegen eine kleine Leihgeb\u00fchr ausgeliehen werden.<\/p>\n<p>(Der \u00dcbergabeort ist am Anh\u00e4ngerstandort\u00a0in\u00a0\u00a0<strong>21354 Karze<\/strong>, soweit nichts anderes vereinbart wurde)<\/p>\n<p>Unter Facebook bei &#8222;Anh\u00e4nger-L\u00fcneburg.de&#8220;, kann man auch ein &#8222;gef\u00e4llt mir&#8220; f\u00fcr diesen Anh\u00e4nger anbringen \ud83d\ude09<\/p>\n<p><span style=\"color: #ffffff;\"> (Orte von denen der Anh\u00e4nger in 2014 ausgeliehen wurde sind unter anderem: Amelinghausen, Buchholz, Buxtehude, Dahlenburg, Geesthacht, Jork, Lauenburg, Rosengarten, Schneverdingen, Seevetal, Sittensen, Stade, Stelle, Tespe, Tostedt, Uelzen, Neu Wulmstorf, Winsen) <\/span><\/p>\n","protected":false},"excerpt":{"rendered":"<p>Sie suchen einen Motorradanh\u00e4nger mit 100 km\/h &#8211; Zulassung in Bleckede, L\u00fcneburg, Hamburg, Moisburg und Umgebung zu mieten, bzw. zu\u00a0leihen? Wir haben einen absenkbarer Motorradanh\u00e4nger der Extraklasse mit 100 km\/h Zulassung und zul\u00e4ssigem Gesamtgewicht von 1500 kg zu vermieten. Er ist durch die Verwendung von Radwippen variabel verwendbar f\u00fcr ein einzelnes Motorrad, zwei,\u00a0\u00a0oder f\u00fcr drei [&hellip;]<\/p>\n","protected":false},"author":1,"featured_media":0,"parent":0,"menu_order":0,"comment_status":"closed","ping_status":"open","template":"templates\/template-full-notitle.php","meta":{"footnotes":""},"class_list":["post-60","page","type-page","status-publish","hentry","post"],"jetpack_sharing_enabled":true,"_links":{"self":[{"href":"https:\/\/www.anhaenger-lueneburg.de\/index.php?rest_route=\/wp\/v2\/pages\/60","targetHints":{"allow":["GET"]}}],"collection":[{"href":"https:\/\/www.anhaenger-lueneburg.de\/index.php?rest_route=\/wp\/v2\/pages"}],"about":[{"href":"https:\/\/www.anhaenger-lueneburg.de\/index.php?rest_route=\/wp\/v2\/types\/page"}],"author":[{"embeddable":true,"href":"https:\/\/www.anhaenger-lueneburg.de\/index.php?rest_route=\/wp\/v2\/users\/1"}],"replies":[{"embeddable":true,"href":"https:\/\/www.anhaenger-lueneburg.de\/index.php?rest_route=%2Fwp%2Fv2%2Fcomments&post=60"}],"version-history":[{"count":25,"href":"https:\/\/www.anhaenger-lueneburg.de\/index.php?rest_route=\/wp\/v2\/pages\/60\/revisions"}],"predecessor-version":[{"id":1037,"href":"https:\/\/www.anhaenger-lueneburg.de\/index.php?rest_route=\/wp\/v2\/pages\/60\/revisions\/1037"}],"wp:attachment":[{"href":"https:\/\/www.anhaenger-lueneburg.de\/index.php?rest_route=%2Fwp%2Fv2%2Fmedia&parent=60"}],"curies":[{"name":"wp","href":"https:\/\/api.w.org\/{rel}","templated":true}]}}