{"id":64,"date":"2014-09-01T23:04:58","date_gmt":"2014-09-01T21:04:58","guid":{"rendered":"http:\/\/www.anhaenger-lueneburg.de\/?page_id=64"},"modified":"2018-01-31T13:34:49","modified_gmt":"2018-01-31T12:34:49","slug":"technische-daten","status":"publish","type":"page","link":"https:\/\/www.anhaenger-lueneburg.de\/?page_id=64","title":{"rendered":"Technische Daten"},"content":{"rendered":"<h2>Technische Daten des absenkbaren Motorradanh\u00e4ngers:<\/h2>\n<ul>\n<li>Ladefl\u00e4che: \u00a0300 cm * 173 cm<\/li>\n<li>Ladekanten H\u00f6he: \u00a010 cm<\/li>\n<li>Zul. Ges.gewicht: \u00a01500 kg<\/li>\n<li>Nutzlast:\u00a0\u00a01071 kg<\/li>\n<li>hydraulisch absenkbare Ladefl\u00e4che mit Handpumpe<\/li>\n<li>Zurr\u00f6sen und andere Zurrpunkte<\/li>\n<li>13-poliger Stecker<\/li>\n<li>Auflaufbremse<\/li>\n<li>R\u00fcckfahrautomatik<\/li>\n<li>Radsto\u00dfd\u00e4mpfer<\/li>\n<li>100 km\/h -Zulassung<\/li>\n<li>Bugst\u00fctzrad<\/li>\n<li>abschlie\u00dfbare Werkzeugbox auf der Deichsel<\/li>\n<\/ul>\n<h2>Die \u201eRadklemmen\u201c\/ Radhalterwippen sind f\u00fcr R\u00e4der von 16&#8220; \u2013 21&#8220;, Reifenbreite von 110 bis 150 mm geeignet.<\/h2>\n","protected":false},"excerpt":{"rendered":"<p>Technische Daten des absenkbaren Motorradanh\u00e4ngers: Ladefl\u00e4che: \u00a0300 cm * 173 cm Ladekanten H\u00f6he: \u00a010 cm Zul. Ges.gewicht: \u00a01500 kg Nutzlast:\u00a0\u00a01071 kg hydraulisch absenkbare Ladefl\u00e4che mit Handpumpe Zurr\u00f6sen und andere Zurrpunkte 13-poliger Stecker Auflaufbremse R\u00fcckfahrautomatik Radsto\u00dfd\u00e4mpfer 100 km\/h -Zulassung Bugst\u00fctzrad abschlie\u00dfbare Werkzeugbox auf der Deichsel Die \u201eRadklemmen\u201c\/ Radhalterwippen sind f\u00fcr R\u00e4der von 16&#8220; \u2013 21&#8220;, Reifenbreite [&hellip;]<\/p>\n","protected":false},"author":1,"featured_media":0,"parent":72,"menu_order":0,"comment_status":"closed","ping_status":"open","template":"templates\/template-full-notitle.php","meta":{"footnotes":""},"class_list":["post-64","page","type-page","status-publish","hentry","post"],"jetpack_sharing_enabled":true,"_links":{"self":[{"href":"https:\/\/www.anhaenger-lueneburg.de\/index.php?rest_route=\/wp\/v2\/pages\/64","targetHints":{"allow":["GET"]}}],"collection":[{"href":"https:\/\/www.anhaenger-lueneburg.de\/index.php?rest_route=\/wp\/v2\/pages"}],"about":[{"href":"https:\/\/www.anhaenger-lueneburg.de\/index.php?rest_route=\/wp\/v2\/types\/page"}],"author":[{"embeddable":true,"href":"https:\/\/www.anhaenger-lueneburg.de\/index.php?rest_route=\/wp\/v2\/users\/1"}],"replies":[{"embeddable":true,"href":"https:\/\/www.anhaenger-lueneburg.de\/index.php?rest_route=%2Fwp%2Fv2%2Fcomments&post=64"}],"version-history":[{"count":11,"href":"https:\/\/www.anhaenger-lueneburg.de\/index.php?rest_route=\/wp\/v2\/pages\/64\/revisions"}],"predecessor-version":[{"id":910,"href":"https:\/\/www.anhaenger-lueneburg.de\/index.php?rest_route=\/wp\/v2\/pages\/64\/revisions\/910"}],"up":[{"embeddable":true,"href":"https:\/\/www.anhaenger-lueneburg.de\/index.php?rest_route=\/wp\/v2\/pages\/72"}],"wp:attachment":[{"href":"https:\/\/www.anhaenger-lueneburg.de\/index.php?rest_route=%2Fwp%2Fv2%2Fmedia&parent=64"}],"curies":[{"name":"wp","href":"https:\/\/api.w.org\/{rel}","templated":true}]}}