{"id":812,"date":"2017-11-17T17:11:15","date_gmt":"2017-11-17T16:11:15","guid":{"rendered":"http:\/\/www.anhaenger-lueneburg.de\/?page_id=812"},"modified":"2017-11-17T17:11:15","modified_gmt":"2017-11-17T16:11:15","slug":"preise-1300-kg-anhaenger-gebremst-plane","status":"publish","type":"page","link":"https:\/\/www.anhaenger-lueneburg.de\/?page_id=812","title":{"rendered":"Preise: 1300 kg Anh\u00e4nger, gebremst, Plane"},"content":{"rendered":"<style> \/* simple flat #809 *\/#ptp-809{border-color:#ddd;padding:0;margin-left:0;margin-right:0}#ptp-809 div.ptp-item-container{border-radius:3px}#ptp-809 div.ptp-item-container div{margin:0}#ptp-809 .ptp-highlight div.ptp-item-container{border-color:#ddd}#ptp-809 div.ptp-plan{border-top-right-radius:3px;border-top-left-radius:3px;font-size:1em;border-color:#ddd;background-color:#ddd;color:#333;padding:.9375em 1.25em}#ptp-809 div.ptp-plan .has-tip{border-bottom:dotted 1px #333;color:#333}#ptp-809 .ptp-highlight div.ptp-plan{border-color:#ddd;background-color:#ddd;color:#333}#ptp-809 .ptp-highlight div.ptp-plan .has-tip{border-bottom:dotted 1px #333;color:#333}#ptp-809 div.ptp-price{font-size:1.25em;background-color:#eee;color:#333;padding:.9375em 1.25em}#ptp-809 div.ptp-price .has-tip{border-bottom:dotted 1px #333;color:#333}#ptp-809 .ptp-highlight div.ptp-price{background-color:#eee;color:#333}#ptp-809 .ptp-highlight div.ptp-price .has-tip{border-bottom:dotted 1px #333;color:#333}#ptp-809 div.ptp-cta{border-bottom-right-radius:3px;border-bottom-left-radius:3px;background-color:#eee;padding-top:1.25em;padding-bottom:1.25em}#ptp-809 .ptp-highlight div.ptp-cta{background-color:#eee}#ptp-809 a.ptp-button{border-radius:3px;font-size:1em;color:#fff;background-color:#3498db;border-bottom:#2980b9 4px solid;margin:0}#ptp-809 a.ptp-button .has-tip,#ptp-809 a.ptp-button:hover .has-tip{border-bottom:dotted 1px #fff;color:#fff}#ptp-809 a.ptp-button:hover{background-color:#2980b9}#ptp-809 div.ptp-bullet-item{color:#333;background-color:#fff;font-size:.875em;border-color:#ddd;padding:.9375em .5em .9375em .5em}#ptp-809 .ptp-highlight .ptp-bullet-item{color:#333;border-color:#ddd;background-color:#fff}#ptp-809 .ptp-highlight a.ptp-button{color:#fff;background-color:#e74c3c;border-bottom:#c0392b 4px solid}#ptp-809 .ptp-highlight a.ptp-button:hover{background-color:#c0392b}#ptp-809 .ptp-highlight a.ptp-button .has-tip{border-bottom:dotted 1px #fff;color:#fff}#ptp-809 div.ptp-most-popular{border-radius:3px;font-size:.9em;background-color:#7f8c8d;color:#fff;border:1px solid #7f8c8d}\/* end of simple flat #809 *\/<\/style><div id=\"ptp-809\" class=\"ptp-pricing-table\" ><div class=\"ptp-col ptp-four-col  ptp-col-id-0 dh-ptp-col-id-0\"><div class=\"ptp-not-most-popular\">&nbsp;<\/div><div class=\"ptp-item-container\"><div class=\"ptp-plan\">Kurzzeit<\/div><div class=\"ptp-price\">\u20ac\u00a020,00<\/div><div class=\"ptp-bullet-item ptp-row-id-0\">Mietpreis bis zu 4 Stunden<\/div><div class=\"ptp-bullet-item ptp-row-id-1 tt-ptp-empty-row \">&nbsp;<\/div><div class=\"ptp-cta\"><a class=\"ptp-button ptp-checkout-button\" id=\"ptp-809-cta-0\"  href=\"?page_id=864\" >Buchen<\/a><\/div><\/div><\/div><div class=\"ptp-col ptp-four-col  ptp-col-id-1 dh-ptp-col-id-1\"><div class=\"ptp-not-most-popular\">&nbsp;<\/div><div class=\"ptp-item-container\"><div class=\"ptp-plan\">Tag<\/div><div class=\"ptp-price\">\u20ac 25,00<\/div><div class=\"ptp-bullet-item ptp-row-id-0\">Mietpreis f\u00fcr einen Tag \r<\/div><div class=\"ptp-bullet-item ptp-row-id-1\">von 07:00 Uhr bis 19:00 Uhr<\/div><div class=\"ptp-cta\"><a class=\"ptp-button ptp-checkout-button\" id=\"ptp-809-cta-1\"  href=\"?page_id=864\" >Buchen<\/a><\/div><\/div><\/div><div class=\"ptp-col ptp-four-col  ptp-col-id-2 dh-ptp-col-id-2\"><div class=\"ptp-not-most-popular\">&nbsp;<\/div><div class=\"ptp-item-container\"><div class=\"ptp-plan\">Wochenende<\/div><div class=\"ptp-price\">\u20ac 50,00<\/div><div class=\"ptp-bullet-item ptp-row-id-0\">Mietpreis f\u00fcr ein Wochenende\r<\/div><div class=\"ptp-bullet-item ptp-row-id-1\">Fr.14:00 Uhr - So. 19:00 Uhr<\/div><div class=\"ptp-cta\"><a class=\"ptp-button ptp-checkout-button\" id=\"ptp-809-cta-2\"  href=\"?page_id=864\" >Buchen<\/a><\/div><\/div><\/div><div class=\"ptp-col ptp-four-col  ptp-col-id-3 dh-ptp-col-id-3\"><div class=\"ptp-not-most-popular\">&nbsp;<\/div><div class=\"ptp-item-container\"><div class=\"ptp-plan\">Woche<\/div><div class=\"ptp-price\">\u20ac 90,00<\/div><div class=\"ptp-bullet-item ptp-row-id-0\">Mietpreis f\u00fcr eine Woche\r<\/div><div class=\"ptp-bullet-item ptp-row-id-1\">Mo. 07:00 Uhr bis So. 19:00 Uhr<\/div><div class=\"ptp-cta\"><a class=\"ptp-button ptp-checkout-button\" id=\"ptp-809-cta-3\"  href=\"?page_id=864\" >Buchen<\/a><\/div><\/div><\/div><\/div>\n<p>&nbsp;<\/p>\n<p>&nbsp;<\/p>\n<p><em><strong>Hinweis:<br \/>\n<\/strong> Der Mietpreis f\u00fcr den Anh\u00e4nger ist im Voraus bei der \u00dcbergabe zu zahlen. Des weiteren ist eine Kaution in H\u00f6he von 50,&#8211; \u20ac zu entrichten.<\/em><\/p>\n","protected":false},"excerpt":{"rendered":"<p>&nbsp; &nbsp; Hinweis: Der Mietpreis f\u00fcr den Anh\u00e4nger ist im Voraus bei der \u00dcbergabe zu zahlen. Des weiteren ist eine Kaution in H\u00f6he von 50,&#8211; \u20ac zu entrichten.<\/p>\n","protected":false},"author":1,"featured_media":0,"parent":0,"menu_order":0,"comment_status":"closed","ping_status":"closed","template":"templates\/template-full-notitle.php","meta":{"footnotes":""},"class_list":["post-812","page","type-page","status-publish","hentry","post"],"jetpack_sharing_enabled":true,"_links":{"self":[{"href":"https:\/\/www.anhaenger-lueneburg.de\/index.php?rest_route=\/wp\/v2\/pages\/812","targetHints":{"allow":["GET"]}}],"collection":[{"href":"https:\/\/www.anhaenger-lueneburg.de\/index.php?rest_route=\/wp\/v2\/pages"}],"about":[{"href":"https:\/\/www.anhaenger-lueneburg.de\/index.php?rest_route=\/wp\/v2\/types\/page"}],"author":[{"embeddable":true,"href":"https:\/\/www.anhaenger-lueneburg.de\/index.php?rest_route=\/wp\/v2\/users\/1"}],"replies":[{"embeddable":true,"href":"https:\/\/www.anhaenger-lueneburg.de\/index.php?rest_route=%2Fwp%2Fv2%2Fcomments&post=812"}],"version-history":[{"count":2,"href":"https:\/\/www.anhaenger-lueneburg.de\/index.php?rest_route=\/wp\/v2\/pages\/812\/revisions"}],"predecessor-version":[{"id":814,"href":"https:\/\/www.anhaenger-lueneburg.de\/index.php?rest_route=\/wp\/v2\/pages\/812\/revisions\/814"}],"wp:attachment":[{"href":"https:\/\/www.anhaenger-lueneburg.de\/index.php?rest_route=%2Fwp%2Fv2%2Fmedia&parent=812"}],"curies":[{"name":"wp","href":"https:\/\/api.w.org\/{rel}","templated":true}]}}