{"id":851,"date":"2017-11-23T08:42:23","date_gmt":"2017-11-23T07:42:23","guid":{"rendered":"http:\/\/www.anhaenger-lueneburg.de\/?page_id=851"},"modified":"2018-02-15T10:12:03","modified_gmt":"2018-02-15T09:12:03","slug":"beschreibung-anhaenger-gebremst-mit-plane-1300-kg","status":"publish","type":"page","link":"https:\/\/www.anhaenger-lueneburg.de\/?page_id=851","title":{"rendered":"Beschreibung Anh\u00e4nger, gebremst, mit Plane, 1300 kg"},"content":{"rendered":"<p><span style=\"color: #000000;\"><em>Sie suchen einen Anh\u00e4nger\u00a0mit Plane f\u00fcr einen kleine Umzug, oder den trockenen Transport von anderen Gegenst\u00e4nden\u00a0in Bleckede, L\u00fcneburg und Umgebung zu mieten, bzw. zu leihen?<\/em><\/span><\/p>\n<p><span style=\"color: #000000;\"><strong>Wir haben einen gebremsten Planenanh\u00e4nger mit zul\u00e4ssigem Gesamtgewicht von 1300 kg zu vermieten, selbstverst\u00e4ndlich mit einer 100 km\/h-Zulassung.<\/strong><\/span><\/p>\n<p><span style=\"color: #000000;\">Dieser Planenanh\u00e4nger\u00a0kann er von nahezu jedem Kraftfahrzeug gezogen werden, das eine Anh\u00e4ngerkupplung hat. Mit seiner gro\u00dfen\u00a0Ladefl\u00e4che (3,0 x1,5m) ist er ideal zum Transport von allen Gegenst\u00e4nden die vor Witterungseinfl\u00fcssen oder Blicken gesch\u00fctzt werden sollen.<\/span><\/p>\n<p><span style=\"color: #000000;\">\u00a0Er ist ein guter Helfer f\u00fcr den Umzug oder M\u00f6belkauf.<\/span><\/p>\n<p><span style=\"color: #000000;\">Durch zus\u00e4tzliche Heckst\u00fctzen k\u00f6nnen Sie den Anh\u00e4nger auch im abgekuppeltem Zustand be- und entladen.<\/span><\/p>\n<p>Der Transport von \u00f6ligen und scharfkantigen Gegenst\u00e4nden ist unerw\u00fcnscht.<\/p>\n<p><span style=\"color: #000000;\">\u00a0<\/span><\/p>\n<hr \/>\n<p><span style=\"color: #000000;\">(Der \u00dcbergabeort ist am Anh\u00e4ngerstandort in <strong>21354 Karze<\/strong>, soweit nichts anderes vereinbart wurde)<\/span><\/p>\n","protected":false},"excerpt":{"rendered":"<p>Sie suchen einen Anh\u00e4nger\u00a0mit Plane f\u00fcr einen kleine Umzug, oder den trockenen Transport von anderen Gegenst\u00e4nden\u00a0in Bleckede, L\u00fcneburg und Umgebung zu mieten, bzw. zu leihen? Wir haben einen gebremsten Planenanh\u00e4nger mit zul\u00e4ssigem Gesamtgewicht von 1300 kg zu vermieten, selbstverst\u00e4ndlich mit einer 100 km\/h-Zulassung. Dieser Planenanh\u00e4nger\u00a0kann er von nahezu jedem Kraftfahrzeug gezogen werden, das eine Anh\u00e4ngerkupplung [&hellip;]<\/p>\n","protected":false},"author":1,"featured_media":0,"parent":0,"menu_order":0,"comment_status":"closed","ping_status":"closed","template":"templates\/template-full-notitle.php","meta":{"footnotes":""},"class_list":["post-851","page","type-page","status-publish","hentry","post"],"jetpack_sharing_enabled":true,"_links":{"self":[{"href":"https:\/\/www.anhaenger-lueneburg.de\/index.php?rest_route=\/wp\/v2\/pages\/851","targetHints":{"allow":["GET"]}}],"collection":[{"href":"https:\/\/www.anhaenger-lueneburg.de\/index.php?rest_route=\/wp\/v2\/pages"}],"about":[{"href":"https:\/\/www.anhaenger-lueneburg.de\/index.php?rest_route=\/wp\/v2\/types\/page"}],"author":[{"embeddable":true,"href":"https:\/\/www.anhaenger-lueneburg.de\/index.php?rest_route=\/wp\/v2\/users\/1"}],"replies":[{"embeddable":true,"href":"https:\/\/www.anhaenger-lueneburg.de\/index.php?rest_route=%2Fwp%2Fv2%2Fcomments&post=851"}],"version-history":[{"count":7,"href":"https:\/\/www.anhaenger-lueneburg.de\/index.php?rest_route=\/wp\/v2\/pages\/851\/revisions"}],"predecessor-version":[{"id":931,"href":"https:\/\/www.anhaenger-lueneburg.de\/index.php?rest_route=\/wp\/v2\/pages\/851\/revisions\/931"}],"wp:attachment":[{"href":"https:\/\/www.anhaenger-lueneburg.de\/index.php?rest_route=%2Fwp%2Fv2%2Fmedia&parent=851"}],"curies":[{"name":"wp","href":"https:\/\/api.w.org\/{rel}","templated":true}]}}